{"id":131,"date":"2016-06-09T19:30:56","date_gmt":"2016-06-09T19:30:56","guid":{"rendered":"http:\/\/192.168.1.216\/fuzion\/?page_id=131"},"modified":"2016-07-28T20:14:39","modified_gmt":"2016-07-28T20:14:39","slug":"your-right-to-choose","status":"publish","type":"page","link":"https:\/\/fuziontoner.com\/fr\/the-product\/your-right-to-choose\/","title":{"rendered":"Vous avez le droit de choisir"},"content":{"rendered":"<p>Imaginez que vous vous appr\u00eatez \u00e0 acheter une voiture et que l&#8217;employ\u00e9 du concessionnaire vous dit: &#8221; une des conditions de vente est que vous devrez acheter l&#8217;essence de chez nous seulement et \u00e0 un prix exorbitant sinon la garantie du v\u00e9hicule sera annul\u00e9e! \u00c7a vous semble un peu exag\u00e9r\u00e9? L\u00e9galement, les fabricants ne peuvent pas exiger, verbalement ou autrement, que le propri\u00e9taire ou le locataire d\u2019une imprimante ach\u00e8te ses fournitures d&#8217;impressions exclusivement d\u2019eux.<\/p>\n<p><strong>Vous avez le droit de choisir des fournitures d&#8217;imprimeries moins co\u00fbteuses.<\/strong><\/p>\n<p>Les manufacturiers d&#8217;origine sont dans l&#8217;erreur en vous disant que si vous utilisez des fournitures compatibles votre garantie sur l&#8217;appareil sera annul\u00e9e.<\/p>\n<p>D\u2019apr\u00e8s la loi canadienne sur la concurrence, \u00a0la garantie de votre appareil ne peut pas \u00eatre annul\u00e9e par le fabricant d\u2019origine de votre imprimante sous pr\u00e9texte que vous utilisez des cartouches d\u2019encre compatibles.<\/p>\n<p>Si un repr\u00e9sentant menace d\u2019annuler la garantie de l\u2019imprimante ou impose des frais pour un appel de service parce que vous utilisez une cartouche d&#8217;encre compatible, exigez qu\u2019il pr\u00e9sente sa r\u00e9clamation par \u00e9crit.<\/p>\n","protected":false},"excerpt":{"rendered":"<p>Imaginez que vous vous appr\u00eatez \u00e0 acheter une voiture et que l&#8217;employ\u00e9 du concessionnaire vous dit: &#8221; une des conditions de vente est que vous devrez acheter l&#8217;essence de chez nous seulement et \u00e0 un prix exorbitant sinon la garantie du v\u00e9hicule sera annul\u00e9e! \u00c7a vous semble un peu exag\u00e9r\u00e9? L\u00e9galement, les fabricants ne peuvent [&hellip;]<\/p>\n","protected":false},"author":1,"featured_media":0,"parent":14,"menu_order":4,"comment_status":"closed","ping_status":"closed","template":"page-templates\/your_right_to_choose.php","meta":{"_acf_changed":false,"_monsterinsights_skip_tracking":false,"_monsterinsights_sitenote_active":false,"_monsterinsights_sitenote_note":"","_monsterinsights_sitenote_category":0,"_glsr_average":0,"_glsr_ranking":0,"_glsr_reviews":0,"footnotes":""},"class_list":["post-131","page","type-page","status-publish","hentry"],"acf":[],"yoast_head":"<!-- This site is optimized with the Yoast SEO plugin v27.0 - https:\/\/yoast.com\/product\/yoast-seo-wordpress\/ -->\n<title>Vous avez le droit de choisir - Fuzion French<\/title>\n<meta name=\"robots\" content=\"index, follow, max-snippet:-1, max-image-preview:large, max-video-preview:-1\" \/>\n<link rel=\"canonical\" href=\"https:\/\/fuziontoner.com\/fr\/the-product\/your-right-to-choose\/\" \/>\n<meta property=\"og:locale\" content=\"fr_CA\" \/>\n<meta property=\"og:type\" content=\"article\" \/>\n<meta property=\"og:title\" content=\"Vous avez le droit de choisir - Fuzion French\" \/>\n<meta property=\"og:description\" content=\"Imaginez que vous vous appr\u00eatez \u00e0 acheter une voiture et que l&#8217;employ\u00e9 du concessionnaire vous dit: &#8221; une des conditions de vente est que vous devrez acheter l&#8217;essence de chez nous seulement et \u00e0 un prix exorbitant sinon la garantie du v\u00e9hicule sera annul\u00e9e! \u00c7a vous semble un peu exag\u00e9r\u00e9? L\u00e9galement, les fabricants ne peuvent [&hellip;]\" \/>\n<meta property=\"og:url\" content=\"https:\/\/fuziontoner.com\/fr\/the-product\/your-right-to-choose\/\" \/>\n<meta property=\"og:site_name\" content=\"Fuzion French\" \/>\n<meta property=\"article:modified_time\" content=\"2016-07-28T20:14:39+00:00\" \/>\n<meta name=\"twitter:card\" content=\"summary_large_image\" \/>\n<meta name=\"twitter:label1\" content=\"Estimation du temps de lecture\" \/>\n\t<meta name=\"twitter:data1\" content=\"1 minute\" \/>\n<script type=\"application\/ld+json\" class=\"yoast-schema-graph\">{\"@context\":\"https:\/\/schema.org\",\"@graph\":[{\"@type\":\"WebPage\",\"@id\":\"https:\/\/fuziontoner.com\/fr\/the-product\/your-right-to-choose\/\",\"url\":\"https:\/\/fuziontoner.com\/fr\/the-product\/your-right-to-choose\/\",\"name\":\"Vous avez le droit de choisir - Fuzion French\",\"isPartOf\":{\"@id\":\"https:\/\/fuziontoner.com\/fr\/#website\"},\"datePublished\":\"2016-06-09T19:30:56+00:00\",\"dateModified\":\"2016-07-28T20:14:39+00:00\",\"breadcrumb\":{\"@id\":\"https:\/\/fuziontoner.com\/fr\/the-product\/your-right-to-choose\/#breadcrumb\"},\"inLanguage\":\"fr-CA\",\"potentialAction\":[{\"@type\":\"ReadAction\",\"target\":[\"https:\/\/fuziontoner.com\/fr\/the-product\/your-right-to-choose\/\"]}]},{\"@type\":\"BreadcrumbList\",\"@id\":\"https:\/\/fuziontoner.com\/fr\/the-product\/your-right-to-choose\/#breadcrumb\",\"itemListElement\":[{\"@type\":\"ListItem\",\"position\":1,\"name\":\"Accueil\",\"item\":\"https:\/\/fuziontoner.com\/fr\/\"},{\"@type\":\"ListItem\",\"position\":2,\"name\":\"Le produit\",\"item\":\"https:\/\/fuziontoner.com\/fr\/the-product\/\"},{\"@type\":\"ListItem\",\"position\":3,\"name\":\"Vous avez le droit de choisir\"}]},{\"@type\":\"WebSite\",\"@id\":\"https:\/\/fuziontoner.com\/fr\/#website\",\"url\":\"https:\/\/fuziontoner.com\/fr\/\",\"name\":\"Fuzion French\",\"description\":\"cr\u00e9er une impressio de fra\u00eeche!\",\"potentialAction\":[{\"@type\":\"SearchAction\",\"target\":{\"@type\":\"EntryPoint\",\"urlTemplate\":\"https:\/\/fuziontoner.com\/fr\/?s={search_term_string}\"},\"query-input\":{\"@type\":\"PropertyValueSpecification\",\"valueRequired\":true,\"valueName\":\"search_term_string\"}}],\"inLanguage\":\"fr-CA\"}]}<\/script>\n<!-- \/ Yoast SEO plugin. -->","yoast_head_json":{"title":"Vous avez le droit de choisir - Fuzion French","robots":{"index":"index","follow":"follow","max-snippet":"max-snippet:-1","max-image-preview":"max-image-preview:large","max-video-preview":"max-video-preview:-1"},"canonical":"https:\/\/fuziontoner.com\/fr\/the-product\/your-right-to-choose\/","og_locale":"fr_CA","og_type":"article","og_title":"Vous avez le droit de choisir - Fuzion French","og_description":"Imaginez que vous vous appr\u00eatez \u00e0 acheter une voiture et que l&#8217;employ\u00e9 du concessionnaire vous dit: &#8221; une des conditions de vente est que vous devrez acheter l&#8217;essence de chez nous seulement et \u00e0 un prix exorbitant sinon la garantie du v\u00e9hicule sera annul\u00e9e! \u00c7a vous semble un peu exag\u00e9r\u00e9? L\u00e9galement, les fabricants ne peuvent [&hellip;]","og_url":"https:\/\/fuziontoner.com\/fr\/the-product\/your-right-to-choose\/","og_site_name":"Fuzion French","article_modified_time":"2016-07-28T20:14:39+00:00","twitter_card":"summary_large_image","twitter_misc":{"Estimation du temps de lecture":"1 minute"},"schema":{"@context":"https:\/\/schema.org","@graph":[{"@type":"WebPage","@id":"https:\/\/fuziontoner.com\/fr\/the-product\/your-right-to-choose\/","url":"https:\/\/fuziontoner.com\/fr\/the-product\/your-right-to-choose\/","name":"Vous avez le droit de choisir - Fuzion French","isPartOf":{"@id":"https:\/\/fuziontoner.com\/fr\/#website"},"datePublished":"2016-06-09T19:30:56+00:00","dateModified":"2016-07-28T20:14:39+00:00","breadcrumb":{"@id":"https:\/\/fuziontoner.com\/fr\/the-product\/your-right-to-choose\/#breadcrumb"},"inLanguage":"fr-CA","potentialAction":[{"@type":"ReadAction","target":["https:\/\/fuziontoner.com\/fr\/the-product\/your-right-to-choose\/"]}]},{"@type":"BreadcrumbList","@id":"https:\/\/fuziontoner.com\/fr\/the-product\/your-right-to-choose\/#breadcrumb","itemListElement":[{"@type":"ListItem","position":1,"name":"Accueil","item":"https:\/\/fuziontoner.com\/fr\/"},{"@type":"ListItem","position":2,"name":"Le produit","item":"https:\/\/fuziontoner.com\/fr\/the-product\/"},{"@type":"ListItem","position":3,"name":"Vous avez le droit de choisir"}]},{"@type":"WebSite","@id":"https:\/\/fuziontoner.com\/fr\/#website","url":"https:\/\/fuziontoner.com\/fr\/","name":"Fuzion French","description":"cr\u00e9er une impressio de fra\u00eeche!","potentialAction":[{"@type":"SearchAction","target":{"@type":"EntryPoint","urlTemplate":"https:\/\/fuziontoner.com\/fr\/?s={search_term_string}"},"query-input":{"@type":"PropertyValueSpecification","valueRequired":true,"valueName":"search_term_string"}}],"inLanguage":"fr-CA"}]}},"_links":{"self":[{"href":"https:\/\/fuziontoner.com\/fr\/wp-json\/wp\/v2\/pages\/131","targetHints":{"allow":["GET"]}}],"collection":[{"href":"https:\/\/fuziontoner.com\/fr\/wp-json\/wp\/v2\/pages"}],"about":[{"href":"https:\/\/fuziontoner.com\/fr\/wp-json\/wp\/v2\/types\/page"}],"author":[{"embeddable":true,"href":"https:\/\/fuziontoner.com\/fr\/wp-json\/wp\/v2\/users\/1"}],"replies":[{"embeddable":true,"href":"https:\/\/fuziontoner.com\/fr\/wp-json\/wp\/v2\/comments?post=131"}],"version-history":[{"count":0,"href":"https:\/\/fuziontoner.com\/fr\/wp-json\/wp\/v2\/pages\/131\/revisions"}],"up":[{"embeddable":true,"href":"https:\/\/fuziontoner.com\/fr\/wp-json\/wp\/v2\/pages\/14"}],"wp:attachment":[{"href":"https:\/\/fuziontoner.com\/fr\/wp-json\/wp\/v2\/media?parent=131"}],"curies":[{"name":"wp","href":"https:\/\/api.w.org\/{rel}","templated":true}]}}