{"id":14,"date":"2016-05-26T14:36:51","date_gmt":"2016-05-26T14:36:51","guid":{"rendered":"https:\/\/fuzionrc.wpengine.com\/?page_id=14"},"modified":"2016-07-20T17:15:27","modified_gmt":"2016-07-20T17:15:27","slug":"the-product","status":"publish","type":"page","link":"https:\/\/fuziontoner.com\/fr\/the-product\/","title":{"rendered":"Le produit"},"content":{"rendered":"<p>Nos produits inclus:<\/p>\n<p><strong>Encre<\/strong><\/p>\n<p>Pour \u00eatre utiliser dans les imprimantes laser, photocopieurs et t\u00e9l\u00e9copieurs<\/p>\n<p><strong><span>Encre et rubans<\/span><\/strong><\/p>\n<p><span>Pour \u00eatre utiliser dans les imprimantes jet d&#8217;encre, terminaux de point de ventes et compteurs postaux.<\/span><\/p>\n<p><span>La gamme de produits fuzion\u2122 se partage entre cartouches d&#8217;encre compatibles et r\u00e9usin\u00e9es. Nos cartouches sont garanties de se conformer aux sp\u00e9cifications des fabricants d\u2019\u00e9quipements d\u2019origines quant \u00e0 la reproduction des couleurs, le rendement et \u00e0 la qualit\u00e9 globale de l\u2019image produite.<br \/>\nNos fournitures d\u2019imagerie sont con\u00e7ues pour \u00e9galer ou exc\u00e9der la performance de celle du manufacturier d&#8217;origine.<\/span><\/p>\n<p><span>Si vous avez une imprimante au bureau ou \u00e0 la maison, il y a une cartouche de marque fuzion\u2122 de disponible qui vous permettra d&#8217;\u00e9conomiser beaucoup d&#8217;argent.<\/span><\/p>\n","protected":false},"excerpt":{"rendered":"<p>Nos produits inclus: Encre Pour \u00eatre utiliser dans les imprimantes laser, photocopieurs et t\u00e9l\u00e9copieurs Encre et rubans Pour \u00eatre utiliser dans les imprimantes jet d&#8217;encre, terminaux de point de ventes et compteurs postaux. La gamme de produits fuzion\u2122 se partage entre cartouches d&#8217;encre compatibles et r\u00e9usin\u00e9es. Nos cartouches sont garanties de se conformer aux sp\u00e9cifications [&hellip;]<\/p>\n","protected":false},"author":1,"featured_media":65,"parent":0,"menu_order":0,"comment_status":"closed","ping_status":"closed","template":"page-templates\/product_overview.php","meta":{"_acf_changed":false,"_monsterinsights_skip_tracking":false,"_monsterinsights_sitenote_active":false,"_monsterinsights_sitenote_note":"","_monsterinsights_sitenote_category":0,"_glsr_average":0,"_glsr_ranking":0,"_glsr_reviews":0,"footnotes":""},"class_list":["post-14","page","type-page","status-publish","has-post-thumbnail","hentry"],"acf":[],"yoast_head":"<!-- This site is optimized with the Yoast SEO plugin v27.5 - https:\/\/yoast.com\/product\/yoast-seo-wordpress\/ -->\n<title>Le produit - Fuzion French<\/title>\n<meta name=\"robots\" content=\"index, follow, max-snippet:-1, max-image-preview:large, max-video-preview:-1\" \/>\n<link rel=\"canonical\" href=\"https:\/\/fuziontoner.com\/fr\/the-product\/\" \/>\n<meta property=\"og:locale\" content=\"fr_CA\" \/>\n<meta property=\"og:type\" content=\"article\" \/>\n<meta property=\"og:title\" content=\"Le produit - Fuzion French\" \/>\n<meta property=\"og:description\" content=\"Nos produits inclus: Encre Pour \u00eatre utiliser dans les imprimantes laser, photocopieurs et t\u00e9l\u00e9copieurs Encre et rubans Pour \u00eatre utiliser dans les imprimantes jet d&#8217;encre, terminaux de point de ventes et compteurs postaux. La gamme de produits fuzion\u2122 se partage entre cartouches d&#8217;encre compatibles et r\u00e9usin\u00e9es. Nos cartouches sont garanties de se conformer aux sp\u00e9cifications [&hellip;]\" \/>\n<meta property=\"og:url\" content=\"https:\/\/fuziontoner.com\/fr\/the-product\/\" \/>\n<meta property=\"og:site_name\" content=\"Fuzion French\" \/>\n<meta property=\"article:modified_time\" content=\"2016-07-20T17:15:27+00:00\" \/>\n<meta property=\"og:image\" content=\"https:\/\/fuziontoner.com\/fr\/wp-content\/uploads\/sites\/2\/2016\/05\/Products.png\" \/>\n\t<meta property=\"og:image:width\" content=\"398\" \/>\n\t<meta property=\"og:image:height\" content=\"397\" \/>\n\t<meta property=\"og:image:type\" content=\"image\/png\" \/>\n<meta name=\"twitter:card\" content=\"summary_large_image\" \/>\n<meta name=\"twitter:label1\" content=\"Estimation du temps de lecture\" \/>\n\t<meta name=\"twitter:data1\" content=\"1 minute\" \/>\n<script type=\"application\/ld+json\" class=\"yoast-schema-graph\">{\"@context\":\"https:\\\/\\\/schema.org\",\"@graph\":[{\"@type\":\"WebPage\",\"@id\":\"https:\\\/\\\/fuziontoner.com\\\/fr\\\/the-product\\\/\",\"url\":\"https:\\\/\\\/fuziontoner.com\\\/fr\\\/the-product\\\/\",\"name\":\"Le produit - Fuzion French\",\"isPartOf\":{\"@id\":\"https:\\\/\\\/fuziontoner.com\\\/fr\\\/#website\"},\"primaryImageOfPage\":{\"@id\":\"https:\\\/\\\/fuziontoner.com\\\/fr\\\/the-product\\\/#primaryimage\"},\"image\":{\"@id\":\"https:\\\/\\\/fuziontoner.com\\\/fr\\\/the-product\\\/#primaryimage\"},\"thumbnailUrl\":\"https:\\\/\\\/fuziontoner.com\\\/fr\\\/wp-content\\\/uploads\\\/sites\\\/2\\\/2016\\\/05\\\/Products.png\",\"datePublished\":\"2016-05-26T14:36:51+00:00\",\"dateModified\":\"2016-07-20T17:15:27+00:00\",\"breadcrumb\":{\"@id\":\"https:\\\/\\\/fuziontoner.com\\\/fr\\\/the-product\\\/#breadcrumb\"},\"inLanguage\":\"fr-CA\",\"potentialAction\":[{\"@type\":\"ReadAction\",\"target\":[\"https:\\\/\\\/fuziontoner.com\\\/fr\\\/the-product\\\/\"]}]},{\"@type\":\"ImageObject\",\"inLanguage\":\"fr-CA\",\"@id\":\"https:\\\/\\\/fuziontoner.com\\\/fr\\\/the-product\\\/#primaryimage\",\"url\":\"https:\\\/\\\/fuziontoner.com\\\/fr\\\/wp-content\\\/uploads\\\/sites\\\/2\\\/2016\\\/05\\\/Products.png\",\"contentUrl\":\"https:\\\/\\\/fuziontoner.com\\\/fr\\\/wp-content\\\/uploads\\\/sites\\\/2\\\/2016\\\/05\\\/Products.png\",\"width\":398,\"height\":397},{\"@type\":\"BreadcrumbList\",\"@id\":\"https:\\\/\\\/fuziontoner.com\\\/fr\\\/the-product\\\/#breadcrumb\",\"itemListElement\":[{\"@type\":\"ListItem\",\"position\":1,\"name\":\"Accueil\",\"item\":\"https:\\\/\\\/fuziontoner.com\\\/fr\\\/\"},{\"@type\":\"ListItem\",\"position\":2,\"name\":\"Le produit\"}]},{\"@type\":\"WebSite\",\"@id\":\"https:\\\/\\\/fuziontoner.com\\\/fr\\\/#website\",\"url\":\"https:\\\/\\\/fuziontoner.com\\\/fr\\\/\",\"name\":\"Fuzion French\",\"description\":\"cr\u00e9er une impressio de fra\u00eeche!\",\"potentialAction\":[{\"@type\":\"SearchAction\",\"target\":{\"@type\":\"EntryPoint\",\"urlTemplate\":\"https:\\\/\\\/fuziontoner.com\\\/fr\\\/?s={search_term_string}\"},\"query-input\":{\"@type\":\"PropertyValueSpecification\",\"valueRequired\":true,\"valueName\":\"search_term_string\"}}],\"inLanguage\":\"fr-CA\"}]}<\/script>\n<!-- \/ Yoast SEO plugin. -->","yoast_head_json":{"title":"Le produit - Fuzion French","robots":{"index":"index","follow":"follow","max-snippet":"max-snippet:-1","max-image-preview":"max-image-preview:large","max-video-preview":"max-video-preview:-1"},"canonical":"https:\/\/fuziontoner.com\/fr\/the-product\/","og_locale":"fr_CA","og_type":"article","og_title":"Le produit - Fuzion French","og_description":"Nos produits inclus: Encre Pour \u00eatre utiliser dans les imprimantes laser, photocopieurs et t\u00e9l\u00e9copieurs Encre et rubans Pour \u00eatre utiliser dans les imprimantes jet d&#8217;encre, terminaux de point de ventes et compteurs postaux. La gamme de produits fuzion\u2122 se partage entre cartouches d&#8217;encre compatibles et r\u00e9usin\u00e9es. Nos cartouches sont garanties de se conformer aux sp\u00e9cifications [&hellip;]","og_url":"https:\/\/fuziontoner.com\/fr\/the-product\/","og_site_name":"Fuzion French","article_modified_time":"2016-07-20T17:15:27+00:00","og_image":[{"width":398,"height":397,"url":"https:\/\/fuziontoner.com\/fr\/wp-content\/uploads\/sites\/2\/2016\/05\/Products.png","type":"image\/png"}],"twitter_card":"summary_large_image","twitter_misc":{"Estimation du temps de lecture":"1 minute"},"schema":{"@context":"https:\/\/schema.org","@graph":[{"@type":"WebPage","@id":"https:\/\/fuziontoner.com\/fr\/the-product\/","url":"https:\/\/fuziontoner.com\/fr\/the-product\/","name":"Le produit - Fuzion French","isPartOf":{"@id":"https:\/\/fuziontoner.com\/fr\/#website"},"primaryImageOfPage":{"@id":"https:\/\/fuziontoner.com\/fr\/the-product\/#primaryimage"},"image":{"@id":"https:\/\/fuziontoner.com\/fr\/the-product\/#primaryimage"},"thumbnailUrl":"https:\/\/fuziontoner.com\/fr\/wp-content\/uploads\/sites\/2\/2016\/05\/Products.png","datePublished":"2016-05-26T14:36:51+00:00","dateModified":"2016-07-20T17:15:27+00:00","breadcrumb":{"@id":"https:\/\/fuziontoner.com\/fr\/the-product\/#breadcrumb"},"inLanguage":"fr-CA","potentialAction":[{"@type":"ReadAction","target":["https:\/\/fuziontoner.com\/fr\/the-product\/"]}]},{"@type":"ImageObject","inLanguage":"fr-CA","@id":"https:\/\/fuziontoner.com\/fr\/the-product\/#primaryimage","url":"https:\/\/fuziontoner.com\/fr\/wp-content\/uploads\/sites\/2\/2016\/05\/Products.png","contentUrl":"https:\/\/fuziontoner.com\/fr\/wp-content\/uploads\/sites\/2\/2016\/05\/Products.png","width":398,"height":397},{"@type":"BreadcrumbList","@id":"https:\/\/fuziontoner.com\/fr\/the-product\/#breadcrumb","itemListElement":[{"@type":"ListItem","position":1,"name":"Accueil","item":"https:\/\/fuziontoner.com\/fr\/"},{"@type":"ListItem","position":2,"name":"Le produit"}]},{"@type":"WebSite","@id":"https:\/\/fuziontoner.com\/fr\/#website","url":"https:\/\/fuziontoner.com\/fr\/","name":"Fuzion French","description":"cr\u00e9er une impressio de fra\u00eeche!","potentialAction":[{"@type":"SearchAction","target":{"@type":"EntryPoint","urlTemplate":"https:\/\/fuziontoner.com\/fr\/?s={search_term_string}"},"query-input":{"@type":"PropertyValueSpecification","valueRequired":true,"valueName":"search_term_string"}}],"inLanguage":"fr-CA"}]}},"_links":{"self":[{"href":"https:\/\/fuziontoner.com\/fr\/wp-json\/wp\/v2\/pages\/14","targetHints":{"allow":["GET"]}}],"collection":[{"href":"https:\/\/fuziontoner.com\/fr\/wp-json\/wp\/v2\/pages"}],"about":[{"href":"https:\/\/fuziontoner.com\/fr\/wp-json\/wp\/v2\/types\/page"}],"author":[{"embeddable":true,"href":"https:\/\/fuziontoner.com\/fr\/wp-json\/wp\/v2\/users\/1"}],"replies":[{"embeddable":true,"href":"https:\/\/fuziontoner.com\/fr\/wp-json\/wp\/v2\/comments?post=14"}],"version-history":[{"count":0,"href":"https:\/\/fuziontoner.com\/fr\/wp-json\/wp\/v2\/pages\/14\/revisions"}],"wp:featuredmedia":[{"embeddable":true,"href":"https:\/\/fuziontoner.com\/fr\/wp-json\/wp\/v2\/media\/65"}],"wp:attachment":[{"href":"https:\/\/fuziontoner.com\/fr\/wp-json\/wp\/v2\/media?parent=14"}],"curies":[{"name":"wp","href":"https:\/\/api.w.org\/{rel}","templated":true}]}}