{"id":159,"date":"2016-06-09T20:13:05","date_gmt":"2016-06-09T20:13:05","guid":{"rendered":"http:\/\/192.168.1.216\/fuzion\/?page_id=159"},"modified":"2016-07-28T20:35:35","modified_gmt":"2016-07-28T20:35:35","slug":"managed-services","status":"publish","type":"page","link":"https:\/\/fuziontoner.com\/fr\/resources\/managed-services\/","title":{"rendered":"Gestions des documents et des impressions"},"content":{"rendered":"<p>Le client et la firme de gestion des documents et des impressions (MPS) sont li\u00e9s par un contrat qui offre au client le support technique pour toutes les imprimantes et les multifonctions et le r\u00e9approvisionnement automatique des fournitures d&#8217;impression.<\/p>\n<p>Avant de signer votre contrat avec une firme en gestion des documents, demandez quel type de cartouches d&#8217;encre seront mises dans vos appareils.<\/p>\n<p>Insistez aupr\u00e8s de votre fournisseur pour que celui-ci <b>utilise les fournitures d&#8217;impression de marque fuzion\u2122<\/b> dans tous vos appareils.<\/p>\n<p>Nos cartouches de marque fuzion\u2122 sont con\u00e7ues pour \u00eatre utilis\u00e9es dans un syst\u00e8me de gestion des documents et des impressions (MPS).<\/p>\n","protected":false},"excerpt":{"rendered":"<p>Le client et la firme de gestion des documents et des impressions (MPS) sont li\u00e9s par un contrat qui offre au client le support technique pour toutes les imprimantes et les multifonctions et le r\u00e9approvisionnement automatique des fournitures d&#8217;impression. Avant de signer votre contrat avec une firme en gestion des documents, demandez quel type de [&hellip;]<\/p>\n","protected":false},"author":1,"featured_media":170,"parent":157,"menu_order":1,"comment_status":"closed","ping_status":"closed","template":"page-templates\/resource_pages.php","meta":{"_acf_changed":false,"_monsterinsights_skip_tracking":false,"_monsterinsights_sitenote_active":false,"_monsterinsights_sitenote_note":"","_monsterinsights_sitenote_category":0,"_glsr_average":0,"_glsr_ranking":0,"_glsr_reviews":0,"footnotes":""},"class_list":["post-159","page","type-page","status-publish","has-post-thumbnail","hentry"],"acf":[],"yoast_head":"<!-- This site is optimized with the Yoast SEO plugin v27.0 - https:\/\/yoast.com\/product\/yoast-seo-wordpress\/ -->\n<title>Gestions des documents et des impressions - Fuzion French<\/title>\n<meta name=\"robots\" content=\"index, follow, max-snippet:-1, max-image-preview:large, max-video-preview:-1\" \/>\n<link rel=\"canonical\" href=\"https:\/\/fuziontoner.com\/fr\/resources\/managed-services\/\" \/>\n<meta property=\"og:locale\" content=\"fr_CA\" \/>\n<meta property=\"og:type\" content=\"article\" \/>\n<meta property=\"og:title\" content=\"Gestions des documents et des impressions - Fuzion French\" \/>\n<meta property=\"og:description\" content=\"Le client et la firme de gestion des documents et des impressions (MPS) sont li\u00e9s par un contrat qui offre au client le support technique pour toutes les imprimantes et les multifonctions et le r\u00e9approvisionnement automatique des fournitures d&#8217;impression. Avant de signer votre contrat avec une firme en gestion des documents, demandez quel type de [&hellip;]\" \/>\n<meta property=\"og:url\" content=\"https:\/\/fuziontoner.com\/fr\/resources\/managed-services\/\" \/>\n<meta property=\"og:site_name\" content=\"Fuzion French\" \/>\n<meta property=\"article:modified_time\" content=\"2016-07-28T20:35:35+00:00\" \/>\n<meta property=\"og:image\" content=\"https:\/\/fuziontoner.com\/fr\/wp-content\/uploads\/sites\/2\/2016\/06\/Assets_Resources_ManagedServices-01.png\" \/>\n\t<meta property=\"og:image:width\" content=\"273\" \/>\n\t<meta property=\"og:image:height\" content=\"256\" \/>\n\t<meta property=\"og:image:type\" content=\"image\/png\" \/>\n<meta name=\"twitter:card\" content=\"summary_large_image\" \/>\n<meta name=\"twitter:label1\" content=\"Estimation du temps de lecture\" \/>\n\t<meta name=\"twitter:data1\" content=\"1 minute\" \/>\n<script type=\"application\/ld+json\" class=\"yoast-schema-graph\">{\"@context\":\"https:\/\/schema.org\",\"@graph\":[{\"@type\":\"WebPage\",\"@id\":\"https:\/\/fuziontoner.com\/fr\/resources\/managed-services\/\",\"url\":\"https:\/\/fuziontoner.com\/fr\/resources\/managed-services\/\",\"name\":\"Gestions des documents et des impressions - Fuzion French\",\"isPartOf\":{\"@id\":\"https:\/\/fuziontoner.com\/fr\/#website\"},\"primaryImageOfPage\":{\"@id\":\"https:\/\/fuziontoner.com\/fr\/resources\/managed-services\/#primaryimage\"},\"image\":{\"@id\":\"https:\/\/fuziontoner.com\/fr\/resources\/managed-services\/#primaryimage\"},\"thumbnailUrl\":\"https:\/\/fuziontoner.com\/fr\/wp-content\/uploads\/sites\/2\/2016\/06\/Assets_Resources_ManagedServices-01.png\",\"datePublished\":\"2016-06-09T20:13:05+00:00\",\"dateModified\":\"2016-07-28T20:35:35+00:00\",\"breadcrumb\":{\"@id\":\"https:\/\/fuziontoner.com\/fr\/resources\/managed-services\/#breadcrumb\"},\"inLanguage\":\"fr-CA\",\"potentialAction\":[{\"@type\":\"ReadAction\",\"target\":[\"https:\/\/fuziontoner.com\/fr\/resources\/managed-services\/\"]}]},{\"@type\":\"ImageObject\",\"inLanguage\":\"fr-CA\",\"@id\":\"https:\/\/fuziontoner.com\/fr\/resources\/managed-services\/#primaryimage\",\"url\":\"https:\/\/fuziontoner.com\/fr\/wp-content\/uploads\/sites\/2\/2016\/06\/Assets_Resources_ManagedServices-01.png\",\"contentUrl\":\"https:\/\/fuziontoner.com\/fr\/wp-content\/uploads\/sites\/2\/2016\/06\/Assets_Resources_ManagedServices-01.png\",\"width\":273,\"height\":256},{\"@type\":\"BreadcrumbList\",\"@id\":\"https:\/\/fuziontoner.com\/fr\/resources\/managed-services\/#breadcrumb\",\"itemListElement\":[{\"@type\":\"ListItem\",\"position\":1,\"name\":\"Accueil\",\"item\":\"https:\/\/fuziontoner.com\/fr\/\"},{\"@type\":\"ListItem\",\"position\":2,\"name\":\"Ressources\",\"item\":\"https:\/\/fuziontoner.com\/fr\/resources\/\"},{\"@type\":\"ListItem\",\"position\":3,\"name\":\"Gestions des documents et des impressions\"}]},{\"@type\":\"WebSite\",\"@id\":\"https:\/\/fuziontoner.com\/fr\/#website\",\"url\":\"https:\/\/fuziontoner.com\/fr\/\",\"name\":\"Fuzion French\",\"description\":\"cr\u00e9er une impressio de fra\u00eeche!\",\"potentialAction\":[{\"@type\":\"SearchAction\",\"target\":{\"@type\":\"EntryPoint\",\"urlTemplate\":\"https:\/\/fuziontoner.com\/fr\/?s={search_term_string}\"},\"query-input\":{\"@type\":\"PropertyValueSpecification\",\"valueRequired\":true,\"valueName\":\"search_term_string\"}}],\"inLanguage\":\"fr-CA\"}]}<\/script>\n<!-- \/ Yoast SEO plugin. -->","yoast_head_json":{"title":"Gestions des documents et des impressions - Fuzion French","robots":{"index":"index","follow":"follow","max-snippet":"max-snippet:-1","max-image-preview":"max-image-preview:large","max-video-preview":"max-video-preview:-1"},"canonical":"https:\/\/fuziontoner.com\/fr\/resources\/managed-services\/","og_locale":"fr_CA","og_type":"article","og_title":"Gestions des documents et des impressions - Fuzion French","og_description":"Le client et la firme de gestion des documents et des impressions (MPS) sont li\u00e9s par un contrat qui offre au client le support technique pour toutes les imprimantes et les multifonctions et le r\u00e9approvisionnement automatique des fournitures d&#8217;impression. Avant de signer votre contrat avec une firme en gestion des documents, demandez quel type de [&hellip;]","og_url":"https:\/\/fuziontoner.com\/fr\/resources\/managed-services\/","og_site_name":"Fuzion French","article_modified_time":"2016-07-28T20:35:35+00:00","og_image":[{"width":273,"height":256,"url":"https:\/\/fuziontoner.com\/fr\/wp-content\/uploads\/sites\/2\/2016\/06\/Assets_Resources_ManagedServices-01.png","type":"image\/png"}],"twitter_card":"summary_large_image","twitter_misc":{"Estimation du temps de lecture":"1 minute"},"schema":{"@context":"https:\/\/schema.org","@graph":[{"@type":"WebPage","@id":"https:\/\/fuziontoner.com\/fr\/resources\/managed-services\/","url":"https:\/\/fuziontoner.com\/fr\/resources\/managed-services\/","name":"Gestions des documents et des impressions - Fuzion French","isPartOf":{"@id":"https:\/\/fuziontoner.com\/fr\/#website"},"primaryImageOfPage":{"@id":"https:\/\/fuziontoner.com\/fr\/resources\/managed-services\/#primaryimage"},"image":{"@id":"https:\/\/fuziontoner.com\/fr\/resources\/managed-services\/#primaryimage"},"thumbnailUrl":"https:\/\/fuziontoner.com\/fr\/wp-content\/uploads\/sites\/2\/2016\/06\/Assets_Resources_ManagedServices-01.png","datePublished":"2016-06-09T20:13:05+00:00","dateModified":"2016-07-28T20:35:35+00:00","breadcrumb":{"@id":"https:\/\/fuziontoner.com\/fr\/resources\/managed-services\/#breadcrumb"},"inLanguage":"fr-CA","potentialAction":[{"@type":"ReadAction","target":["https:\/\/fuziontoner.com\/fr\/resources\/managed-services\/"]}]},{"@type":"ImageObject","inLanguage":"fr-CA","@id":"https:\/\/fuziontoner.com\/fr\/resources\/managed-services\/#primaryimage","url":"https:\/\/fuziontoner.com\/fr\/wp-content\/uploads\/sites\/2\/2016\/06\/Assets_Resources_ManagedServices-01.png","contentUrl":"https:\/\/fuziontoner.com\/fr\/wp-content\/uploads\/sites\/2\/2016\/06\/Assets_Resources_ManagedServices-01.png","width":273,"height":256},{"@type":"BreadcrumbList","@id":"https:\/\/fuziontoner.com\/fr\/resources\/managed-services\/#breadcrumb","itemListElement":[{"@type":"ListItem","position":1,"name":"Accueil","item":"https:\/\/fuziontoner.com\/fr\/"},{"@type":"ListItem","position":2,"name":"Ressources","item":"https:\/\/fuziontoner.com\/fr\/resources\/"},{"@type":"ListItem","position":3,"name":"Gestions des documents et des impressions"}]},{"@type":"WebSite","@id":"https:\/\/fuziontoner.com\/fr\/#website","url":"https:\/\/fuziontoner.com\/fr\/","name":"Fuzion French","description":"cr\u00e9er une impressio de fra\u00eeche!","potentialAction":[{"@type":"SearchAction","target":{"@type":"EntryPoint","urlTemplate":"https:\/\/fuziontoner.com\/fr\/?s={search_term_string}"},"query-input":{"@type":"PropertyValueSpecification","valueRequired":true,"valueName":"search_term_string"}}],"inLanguage":"fr-CA"}]}},"_links":{"self":[{"href":"https:\/\/fuziontoner.com\/fr\/wp-json\/wp\/v2\/pages\/159","targetHints":{"allow":["GET"]}}],"collection":[{"href":"https:\/\/fuziontoner.com\/fr\/wp-json\/wp\/v2\/pages"}],"about":[{"href":"https:\/\/fuziontoner.com\/fr\/wp-json\/wp\/v2\/types\/page"}],"author":[{"embeddable":true,"href":"https:\/\/fuziontoner.com\/fr\/wp-json\/wp\/v2\/users\/1"}],"replies":[{"embeddable":true,"href":"https:\/\/fuziontoner.com\/fr\/wp-json\/wp\/v2\/comments?post=159"}],"version-history":[{"count":0,"href":"https:\/\/fuziontoner.com\/fr\/wp-json\/wp\/v2\/pages\/159\/revisions"}],"up":[{"embeddable":true,"href":"https:\/\/fuziontoner.com\/fr\/wp-json\/wp\/v2\/pages\/157"}],"wp:featuredmedia":[{"embeddable":true,"href":"https:\/\/fuziontoner.com\/fr\/wp-json\/wp\/v2\/media\/170"}],"wp:attachment":[{"href":"https:\/\/fuziontoner.com\/fr\/wp-json\/wp\/v2\/media?parent=159"}],"curies":[{"name":"wp","href":"https:\/\/api.w.org\/{rel}","templated":true}]}}