{"id":161,"date":"2016-06-09T20:14:25","date_gmt":"2016-06-09T20:14:25","guid":{"rendered":"http:\/\/192.168.1.216\/fuzion\/?page_id=161"},"modified":"2023-04-04T20:14:38","modified_gmt":"2023-04-04T20:14:38","slug":"warranty-policy","status":"publish","type":"page","link":"https:\/\/fuziontoner.com\/fr\/resources\/warranty-policy\/","title":{"rendered":"Garantie"},"content":{"rendered":"<p><span data-sheets-value=\"{&quot;1&quot;:2,&quot;2&quot;:&quot;Les fournitures d'impression de marque fuzion\\u2122 sont sous garantie pour une p\\u00e9riode de deux (2) ans \\u00e0 partir de la date d'achat. Le produit d\\u00e9fectueux sera remplac\\u00e9 sans frais.&quot;}\" data-sheets-userformat=\"{&quot;2&quot;:15233,&quot;3&quot;:{&quot;1&quot;:0},&quot;10&quot;:0,&quot;11&quot;:4,&quot;12&quot;:0,&quot;14&quot;:{&quot;1&quot;:2,&quot;2&quot;:0},&quot;15&quot;:&quot;Calibri, sans-serif&quot;,&quot;16&quot;:11}\">Les fournitures d&#8217;impression de marque fuzion&#x2122; sont sous garantie pour une p\u00e9riode de deux (2) ans \u00e0 partir de la date d&#8217;achat. Le produit d\u00e9fectueux sera remplac\u00e9 sans frais.<\/span><\/p>\n<p><span data-sheets-value=\"{&quot;1&quot;:2,&quot;2&quot;:&quot;Les fournitures d'impression de marque fuzion\\u2122 (compatibles et r\\u00e9usin\\u00e9s)\\n en utilisation normale ne causeront pas de dommage, d\\u2019usure anormale ou de d\\u00e9t\\u00e9rioration \\u00e0 l\\u2019appareil pour lesquelles elles sont destin\\u00e9es.&quot;}\" data-sheets-userformat=\"{&quot;2&quot;:15233,&quot;3&quot;:{&quot;1&quot;:0},&quot;10&quot;:0,&quot;11&quot;:4,&quot;12&quot;:0,&quot;14&quot;:{&quot;1&quot;:2,&quot;2&quot;:0},&quot;15&quot;:&quot;Calibri, sans-serif&quot;,&quot;16&quot;:11}\">Les fournitures d&#8217;impression de marque fuzion&#x2122; (compatibles et r\u00e9usin\u00e9s)<br \/>\nen utilisation normale ne causeront pas de dommage, d\u2019usure anormale ou de d\u00e9t\u00e9rioration \u00e0 l\u2019appareil pour lesquelles elles sont destin\u00e9es.<\/span><\/p>\n<p><span data-sheets-value=\"{&quot;1&quot;:2,&quot;2&quot;:&quot;Cette garantie est nulle et non avenue si le produit est d\\u00e9mont\\u00e9 ou si le produit est manipul\\u00e9, entrepos\\u00e9 ou utilis\\u00e9 de fa\\u00e7on consid\\u00e9r\\u00e9e comme anormale. La responsabilit\\u00e9 de Genuine Supply Source Inc. est limit\\u00e9e au remplacement ou au remboursement de la cartouche. Aucune autre garantie explicite ou implicite n\\u2019existe.&quot;}\" data-sheets-userformat=\"{&quot;2&quot;:15233,&quot;3&quot;:{&quot;1&quot;:0},&quot;10&quot;:0,&quot;11&quot;:4,&quot;12&quot;:0,&quot;14&quot;:{&quot;1&quot;:2,&quot;2&quot;:0},&quot;15&quot;:&quot;Calibri, sans-serif&quot;,&quot;16&quot;:11}\">Cette garantie est nulle et non avenue si le produit est d\u00e9mont\u00e9 ou si le produit est manipul\u00e9, entrepos\u00e9 ou utilis\u00e9 de fa\u00e7on consid\u00e9r\u00e9e comme anormale. La responsabilit\u00e9 de Genuine Supply Source Inc. est limit\u00e9e au remplacement ou au remboursement de la cartouche. Aucune autre garantie explicite ou implicite n\u2019existe.<\/span><\/p>\n","protected":false},"excerpt":{"rendered":"<p>Les fournitures d&#8217;impression de marque fuzion&#x2122; sont sous garantie pour une p\u00e9riode de deux (2) ans \u00e0 partir de la date d&#8217;achat. Le produit d\u00e9fectueux sera remplac\u00e9 sans frais. Les fournitures d&#8217;impression de marque fuzion&#x2122; (compatibles et r\u00e9usin\u00e9s) en utilisation normale ne causeront pas de dommage, d\u2019usure anormale ou de d\u00e9t\u00e9rioration \u00e0 l\u2019appareil pour lesquelles [&hellip;]<\/p>\n","protected":false},"author":1,"featured_media":0,"parent":157,"menu_order":2,"comment_status":"closed","ping_status":"closed","template":"page-templates\/resource_pages.php","meta":{"_acf_changed":false,"_monsterinsights_skip_tracking":false,"_monsterinsights_sitenote_active":false,"_monsterinsights_sitenote_note":"","_monsterinsights_sitenote_category":0,"_glsr_average":0,"_glsr_ranking":0,"_glsr_reviews":0,"footnotes":""},"class_list":["post-161","page","type-page","status-publish","hentry"],"acf":[],"yoast_head":"<!-- This site is optimized with the Yoast SEO plugin v27.0 - https:\/\/yoast.com\/product\/yoast-seo-wordpress\/ -->\n<title>Garantie - Fuzion French<\/title>\n<meta name=\"robots\" content=\"index, follow, max-snippet:-1, max-image-preview:large, max-video-preview:-1\" \/>\n<link rel=\"canonical\" href=\"https:\/\/fuziontoner.com\/fr\/resources\/warranty-policy\/\" \/>\n<meta property=\"og:locale\" content=\"fr_CA\" \/>\n<meta property=\"og:type\" content=\"article\" \/>\n<meta property=\"og:title\" content=\"Garantie - Fuzion French\" \/>\n<meta property=\"og:description\" content=\"Les fournitures d&#8217;impression de marque fuzion&#x2122; sont sous garantie pour une p\u00e9riode de deux (2) ans \u00e0 partir de la date d&#8217;achat. Le produit d\u00e9fectueux sera remplac\u00e9 sans frais. Les fournitures d&#8217;impression de marque fuzion&#x2122; (compatibles et r\u00e9usin\u00e9s) en utilisation normale ne causeront pas de dommage, d\u2019usure anormale ou de d\u00e9t\u00e9rioration \u00e0 l\u2019appareil pour lesquelles [&hellip;]\" \/>\n<meta property=\"og:url\" content=\"https:\/\/fuziontoner.com\/fr\/resources\/warranty-policy\/\" \/>\n<meta property=\"og:site_name\" content=\"Fuzion French\" \/>\n<meta property=\"article:modified_time\" content=\"2023-04-04T20:14:38+00:00\" \/>\n<meta name=\"twitter:card\" content=\"summary_large_image\" \/>\n<meta name=\"twitter:label1\" content=\"Estimation du temps de lecture\" \/>\n\t<meta name=\"twitter:data1\" content=\"1 minute\" \/>\n<script type=\"application\/ld+json\" class=\"yoast-schema-graph\">{\"@context\":\"https:\/\/schema.org\",\"@graph\":[{\"@type\":\"WebPage\",\"@id\":\"https:\/\/fuziontoner.com\/fr\/resources\/warranty-policy\/\",\"url\":\"https:\/\/fuziontoner.com\/fr\/resources\/warranty-policy\/\",\"name\":\"Garantie - Fuzion French\",\"isPartOf\":{\"@id\":\"https:\/\/fuziontoner.com\/fr\/#website\"},\"datePublished\":\"2016-06-09T20:14:25+00:00\",\"dateModified\":\"2023-04-04T20:14:38+00:00\",\"breadcrumb\":{\"@id\":\"https:\/\/fuziontoner.com\/fr\/resources\/warranty-policy\/#breadcrumb\"},\"inLanguage\":\"fr-CA\",\"potentialAction\":[{\"@type\":\"ReadAction\",\"target\":[\"https:\/\/fuziontoner.com\/fr\/resources\/warranty-policy\/\"]}]},{\"@type\":\"BreadcrumbList\",\"@id\":\"https:\/\/fuziontoner.com\/fr\/resources\/warranty-policy\/#breadcrumb\",\"itemListElement\":[{\"@type\":\"ListItem\",\"position\":1,\"name\":\"Accueil\",\"item\":\"https:\/\/fuziontoner.com\/fr\/\"},{\"@type\":\"ListItem\",\"position\":2,\"name\":\"Ressources\",\"item\":\"https:\/\/fuziontoner.com\/fr\/resources\/\"},{\"@type\":\"ListItem\",\"position\":3,\"name\":\"Garantie\"}]},{\"@type\":\"WebSite\",\"@id\":\"https:\/\/fuziontoner.com\/fr\/#website\",\"url\":\"https:\/\/fuziontoner.com\/fr\/\",\"name\":\"Fuzion French\",\"description\":\"cr\u00e9er une impressio de fra\u00eeche!\",\"potentialAction\":[{\"@type\":\"SearchAction\",\"target\":{\"@type\":\"EntryPoint\",\"urlTemplate\":\"https:\/\/fuziontoner.com\/fr\/?s={search_term_string}\"},\"query-input\":{\"@type\":\"PropertyValueSpecification\",\"valueRequired\":true,\"valueName\":\"search_term_string\"}}],\"inLanguage\":\"fr-CA\"}]}<\/script>\n<!-- \/ Yoast SEO plugin. -->","yoast_head_json":{"title":"Garantie - Fuzion French","robots":{"index":"index","follow":"follow","max-snippet":"max-snippet:-1","max-image-preview":"max-image-preview:large","max-video-preview":"max-video-preview:-1"},"canonical":"https:\/\/fuziontoner.com\/fr\/resources\/warranty-policy\/","og_locale":"fr_CA","og_type":"article","og_title":"Garantie - Fuzion French","og_description":"Les fournitures d&#8217;impression de marque fuzion&#x2122; sont sous garantie pour une p\u00e9riode de deux (2) ans \u00e0 partir de la date d&#8217;achat. Le produit d\u00e9fectueux sera remplac\u00e9 sans frais. Les fournitures d&#8217;impression de marque fuzion&#x2122; (compatibles et r\u00e9usin\u00e9s) en utilisation normale ne causeront pas de dommage, d\u2019usure anormale ou de d\u00e9t\u00e9rioration \u00e0 l\u2019appareil pour lesquelles [&hellip;]","og_url":"https:\/\/fuziontoner.com\/fr\/resources\/warranty-policy\/","og_site_name":"Fuzion French","article_modified_time":"2023-04-04T20:14:38+00:00","twitter_card":"summary_large_image","twitter_misc":{"Estimation du temps de lecture":"1 minute"},"schema":{"@context":"https:\/\/schema.org","@graph":[{"@type":"WebPage","@id":"https:\/\/fuziontoner.com\/fr\/resources\/warranty-policy\/","url":"https:\/\/fuziontoner.com\/fr\/resources\/warranty-policy\/","name":"Garantie - Fuzion French","isPartOf":{"@id":"https:\/\/fuziontoner.com\/fr\/#website"},"datePublished":"2016-06-09T20:14:25+00:00","dateModified":"2023-04-04T20:14:38+00:00","breadcrumb":{"@id":"https:\/\/fuziontoner.com\/fr\/resources\/warranty-policy\/#breadcrumb"},"inLanguage":"fr-CA","potentialAction":[{"@type":"ReadAction","target":["https:\/\/fuziontoner.com\/fr\/resources\/warranty-policy\/"]}]},{"@type":"BreadcrumbList","@id":"https:\/\/fuziontoner.com\/fr\/resources\/warranty-policy\/#breadcrumb","itemListElement":[{"@type":"ListItem","position":1,"name":"Accueil","item":"https:\/\/fuziontoner.com\/fr\/"},{"@type":"ListItem","position":2,"name":"Ressources","item":"https:\/\/fuziontoner.com\/fr\/resources\/"},{"@type":"ListItem","position":3,"name":"Garantie"}]},{"@type":"WebSite","@id":"https:\/\/fuziontoner.com\/fr\/#website","url":"https:\/\/fuziontoner.com\/fr\/","name":"Fuzion French","description":"cr\u00e9er une impressio de fra\u00eeche!","potentialAction":[{"@type":"SearchAction","target":{"@type":"EntryPoint","urlTemplate":"https:\/\/fuziontoner.com\/fr\/?s={search_term_string}"},"query-input":{"@type":"PropertyValueSpecification","valueRequired":true,"valueName":"search_term_string"}}],"inLanguage":"fr-CA"}]}},"_links":{"self":[{"href":"https:\/\/fuziontoner.com\/fr\/wp-json\/wp\/v2\/pages\/161","targetHints":{"allow":["GET"]}}],"collection":[{"href":"https:\/\/fuziontoner.com\/fr\/wp-json\/wp\/v2\/pages"}],"about":[{"href":"https:\/\/fuziontoner.com\/fr\/wp-json\/wp\/v2\/types\/page"}],"author":[{"embeddable":true,"href":"https:\/\/fuziontoner.com\/fr\/wp-json\/wp\/v2\/users\/1"}],"replies":[{"embeddable":true,"href":"https:\/\/fuziontoner.com\/fr\/wp-json\/wp\/v2\/comments?post=161"}],"version-history":[{"count":0,"href":"https:\/\/fuziontoner.com\/fr\/wp-json\/wp\/v2\/pages\/161\/revisions"}],"up":[{"embeddable":true,"href":"https:\/\/fuziontoner.com\/fr\/wp-json\/wp\/v2\/pages\/157"}],"wp:attachment":[{"href":"https:\/\/fuziontoner.com\/fr\/wp-json\/wp\/v2\/media?parent=161"}],"curies":[{"name":"wp","href":"https:\/\/api.w.org\/{rel}","templated":true}]}}