{"id":166,"date":"2016-06-09T21:10:28","date_gmt":"2016-06-09T21:10:28","guid":{"rendered":"http:\/\/192.168.1.216\/fuzion\/?page_id=166"},"modified":"2025-10-03T14:27:52","modified_gmt":"2025-10-03T14:27:52","slug":"installation","status":"publish","type":"page","link":"https:\/\/fuziontoner.com\/fr\/resources\/installation\/","title":{"rendered":"Installation"},"content":{"rendered":"<ul>\n<li style=\"font-weight: 400;\"><span data-sheets-value=\"{&quot;1&quot;:2,&quot;2&quot;:&quot;Quand vous recevrez la cartouche, tenez la entre vos mains et bouger la de gauche \\u00e0 droite pour \\u00e9galiser la poudre d'encre dans la cartouche.&quot;}\" data-sheets-userformat=\"{&quot;2&quot;:15233,&quot;3&quot;:{&quot;1&quot;:0},&quot;10&quot;:0,&quot;11&quot;:4,&quot;12&quot;:0,&quot;14&quot;:{&quot;1&quot;:2,&quot;2&quot;:0},&quot;15&quot;:&quot;Calibri, sans-serif&quot;,&quot;16&quot;:11}\">Quand vous recevrez la cartouche, tenez la entre vos mains et bouger la de gauche \u00e0 droite pour \u00e9galiser la poudre d&#8217;encre dans la cartouche.<\/span><\/li>\n<li style=\"font-weight: 400;\"><span data-sheets-value=\"{&quot;1&quot;:2,&quot;2&quot;:&quot;Avant de jeter votre vieille cartouche, faites attention pour ne pas jeter le tambour (drum). Dans certains mod\\u00e8les d'imprimantes quand l'on retire la cartouche le tambour se retire \\u00e9galement. Ce qui semble \\u00eatre 1 pi\\u00e8ce en est 2. \\n Donc assurer vous que la cartouche que vous aller jeter ressemble \\u00e0 celle que vous venez d'acheter.&quot;}\" data-sheets-userformat=\"{&quot;2&quot;:15233,&quot;3&quot;:{&quot;1&quot;:0},&quot;10&quot;:0,&quot;11&quot;:4,&quot;12&quot;:0,&quot;14&quot;:{&quot;1&quot;:2,&quot;2&quot;:0},&quot;15&quot;:&quot;Calibri, sans-serif&quot;,&quot;16&quot;:11}\">Avant de jeter votre vieille cartouche, faites attention pour ne pas jeter le tambour (drum). Dans certains mod\u00e8les d&#8217;imprimantes quand l&#8217;on retire la cartouche le tambour se retire \u00e9galement. Ce qui semble \u00eatre 1 pi\u00e8ce en est 2.<br \/>\nDonc assurer vous que la cartouche que vous aller jeter ressemble \u00e0 celle que vous venez d&#8217;acheter.<\/span><\/li>\n<li style=\"font-weight: 400;\"><span data-sheets-value=\"{&quot;1&quot;:2,&quot;2&quot;:&quot;Veuillez installer la cartouche d\\u00e9licatement dans l'appareil. Ne jamais forc\\u00e9 l'insertion.&quot;}\" data-sheets-userformat=\"{&quot;2&quot;:15233,&quot;3&quot;:{&quot;1&quot;:0},&quot;10&quot;:0,&quot;11&quot;:4,&quot;12&quot;:0,&quot;14&quot;:{&quot;1&quot;:2,&quot;2&quot;:0},&quot;15&quot;:&quot;Calibri, sans-serif&quot;,&quot;16&quot;:11}\">Veuillez installer la cartouche d\u00e9licatement dans l&#8217;appareil. Ne jamais forc\u00e9 l&#8217;insertion.<\/span><\/li>\n<li style=\"font-weight: 400;\"><strong><span data-sheets-value=\"{&quot;1&quot;:2,&quot;2&quot;:&quot;Pour une meilleure qualit\\u00e9 d'impression, utilisez un papier de qualit\\u00e9.&quot;}\" data-sheets-userformat=\"{&quot;2&quot;:15233,&quot;3&quot;:{&quot;1&quot;:0},&quot;10&quot;:0,&quot;11&quot;:4,&quot;12&quot;:0,&quot;14&quot;:{&quot;1&quot;:2,&quot;2&quot;:0},&quot;15&quot;:&quot;Calibri, sans-serif&quot;,&quot;16&quot;:11}\">Pour une meilleure qualit\u00e9 d&#8217;impression, utilisez un papier de qualit\u00e9.<\/span><\/strong><\/li>\n<\/ul>\n","protected":false},"excerpt":{"rendered":"<p>Quand vous recevrez la cartouche, tenez la entre vos mains et bouger la de gauche \u00e0 droite pour \u00e9galiser la poudre d&#8217;encre dans la cartouche. Avant de jeter votre vieille cartouche, faites attention pour ne pas jeter le tambour (drum). Dans certains mod\u00e8les d&#8217;imprimantes quand l&#8217;on retire la cartouche le tambour se retire \u00e9galement. Ce [&hellip;]<\/p>\n","protected":false},"author":1,"featured_media":171,"parent":157,"menu_order":4,"comment_status":"closed","ping_status":"closed","template":"page-templates\/resource_pages.php","meta":{"_acf_changed":false,"_monsterinsights_skip_tracking":false,"_monsterinsights_sitenote_active":false,"_monsterinsights_sitenote_note":"","_monsterinsights_sitenote_category":0,"_glsr_average":0,"_glsr_ranking":0,"_glsr_reviews":0,"footnotes":""},"class_list":["post-166","page","type-page","status-publish","has-post-thumbnail","hentry"],"acf":[],"yoast_head":"<!-- This site is optimized with the Yoast SEO plugin v27.0 - https:\/\/yoast.com\/product\/yoast-seo-wordpress\/ -->\n<title>Installation - Fuzion French<\/title>\n<meta name=\"robots\" content=\"index, follow, max-snippet:-1, max-image-preview:large, max-video-preview:-1\" \/>\n<link rel=\"canonical\" href=\"https:\/\/fuziontoner.com\/fr\/resources\/installation\/\" \/>\n<meta property=\"og:locale\" content=\"fr_CA\" \/>\n<meta property=\"og:type\" content=\"article\" \/>\n<meta property=\"og:title\" content=\"Installation - Fuzion French\" \/>\n<meta property=\"og:description\" content=\"Quand vous recevrez la cartouche, tenez la entre vos mains et bouger la de gauche \u00e0 droite pour \u00e9galiser la poudre d&#8217;encre dans la cartouche. Avant de jeter votre vieille cartouche, faites attention pour ne pas jeter le tambour (drum). Dans certains mod\u00e8les d&#8217;imprimantes quand l&#8217;on retire la cartouche le tambour se retire \u00e9galement. Ce [&hellip;]\" \/>\n<meta property=\"og:url\" content=\"https:\/\/fuziontoner.com\/fr\/resources\/installation\/\" \/>\n<meta property=\"og:site_name\" content=\"Fuzion French\" \/>\n<meta property=\"article:modified_time\" content=\"2025-10-03T14:27:52+00:00\" \/>\n<meta property=\"og:image\" content=\"https:\/\/fuziontoner.com\/fr\/wp-content\/uploads\/sites\/2\/2016\/06\/Assets_Resources_Installation.png\" \/>\n\t<meta property=\"og:image:width\" content=\"269\" \/>\n\t<meta property=\"og:image:height\" content=\"251\" \/>\n\t<meta property=\"og:image:type\" content=\"image\/png\" \/>\n<meta name=\"twitter:card\" content=\"summary_large_image\" \/>\n<meta name=\"twitter:label1\" content=\"Estimation du temps de lecture\" \/>\n\t<meta name=\"twitter:data1\" content=\"1 minute\" \/>\n<script type=\"application\/ld+json\" class=\"yoast-schema-graph\">{\"@context\":\"https:\/\/schema.org\",\"@graph\":[{\"@type\":\"WebPage\",\"@id\":\"https:\/\/fuziontoner.com\/fr\/resources\/installation\/\",\"url\":\"https:\/\/fuziontoner.com\/fr\/resources\/installation\/\",\"name\":\"Installation - Fuzion French\",\"isPartOf\":{\"@id\":\"https:\/\/fuziontoner.com\/fr\/#website\"},\"primaryImageOfPage\":{\"@id\":\"https:\/\/fuziontoner.com\/fr\/resources\/installation\/#primaryimage\"},\"image\":{\"@id\":\"https:\/\/fuziontoner.com\/fr\/resources\/installation\/#primaryimage\"},\"thumbnailUrl\":\"https:\/\/fuziontoner.com\/fr\/wp-content\/uploads\/sites\/2\/2016\/06\/Assets_Resources_Installation.png\",\"datePublished\":\"2016-06-09T21:10:28+00:00\",\"dateModified\":\"2025-10-03T14:27:52+00:00\",\"breadcrumb\":{\"@id\":\"https:\/\/fuziontoner.com\/fr\/resources\/installation\/#breadcrumb\"},\"inLanguage\":\"fr-CA\",\"potentialAction\":[{\"@type\":\"ReadAction\",\"target\":[\"https:\/\/fuziontoner.com\/fr\/resources\/installation\/\"]}]},{\"@type\":\"ImageObject\",\"inLanguage\":\"fr-CA\",\"@id\":\"https:\/\/fuziontoner.com\/fr\/resources\/installation\/#primaryimage\",\"url\":\"https:\/\/fuziontoner.com\/fr\/wp-content\/uploads\/sites\/2\/2016\/06\/Assets_Resources_Installation.png\",\"contentUrl\":\"https:\/\/fuziontoner.com\/fr\/wp-content\/uploads\/sites\/2\/2016\/06\/Assets_Resources_Installation.png\",\"width\":269,\"height\":251},{\"@type\":\"BreadcrumbList\",\"@id\":\"https:\/\/fuziontoner.com\/fr\/resources\/installation\/#breadcrumb\",\"itemListElement\":[{\"@type\":\"ListItem\",\"position\":1,\"name\":\"Accueil\",\"item\":\"https:\/\/fuziontoner.com\/fr\/\"},{\"@type\":\"ListItem\",\"position\":2,\"name\":\"Ressources\",\"item\":\"https:\/\/fuziontoner.com\/fr\/resources\/\"},{\"@type\":\"ListItem\",\"position\":3,\"name\":\"Installation\"}]},{\"@type\":\"WebSite\",\"@id\":\"https:\/\/fuziontoner.com\/fr\/#website\",\"url\":\"https:\/\/fuziontoner.com\/fr\/\",\"name\":\"Fuzion French\",\"description\":\"cr\u00e9er une impressio de fra\u00eeche!\",\"potentialAction\":[{\"@type\":\"SearchAction\",\"target\":{\"@type\":\"EntryPoint\",\"urlTemplate\":\"https:\/\/fuziontoner.com\/fr\/?s={search_term_string}\"},\"query-input\":{\"@type\":\"PropertyValueSpecification\",\"valueRequired\":true,\"valueName\":\"search_term_string\"}}],\"inLanguage\":\"fr-CA\"}]}<\/script>\n<!-- \/ Yoast SEO plugin. -->","yoast_head_json":{"title":"Installation - Fuzion French","robots":{"index":"index","follow":"follow","max-snippet":"max-snippet:-1","max-image-preview":"max-image-preview:large","max-video-preview":"max-video-preview:-1"},"canonical":"https:\/\/fuziontoner.com\/fr\/resources\/installation\/","og_locale":"fr_CA","og_type":"article","og_title":"Installation - Fuzion French","og_description":"Quand vous recevrez la cartouche, tenez la entre vos mains et bouger la de gauche \u00e0 droite pour \u00e9galiser la poudre d&#8217;encre dans la cartouche. Avant de jeter votre vieille cartouche, faites attention pour ne pas jeter le tambour (drum). Dans certains mod\u00e8les d&#8217;imprimantes quand l&#8217;on retire la cartouche le tambour se retire \u00e9galement. Ce [&hellip;]","og_url":"https:\/\/fuziontoner.com\/fr\/resources\/installation\/","og_site_name":"Fuzion French","article_modified_time":"2025-10-03T14:27:52+00:00","og_image":[{"width":269,"height":251,"url":"https:\/\/fuziontoner.com\/fr\/wp-content\/uploads\/sites\/2\/2016\/06\/Assets_Resources_Installation.png","type":"image\/png"}],"twitter_card":"summary_large_image","twitter_misc":{"Estimation du temps de lecture":"1 minute"},"schema":{"@context":"https:\/\/schema.org","@graph":[{"@type":"WebPage","@id":"https:\/\/fuziontoner.com\/fr\/resources\/installation\/","url":"https:\/\/fuziontoner.com\/fr\/resources\/installation\/","name":"Installation - Fuzion French","isPartOf":{"@id":"https:\/\/fuziontoner.com\/fr\/#website"},"primaryImageOfPage":{"@id":"https:\/\/fuziontoner.com\/fr\/resources\/installation\/#primaryimage"},"image":{"@id":"https:\/\/fuziontoner.com\/fr\/resources\/installation\/#primaryimage"},"thumbnailUrl":"https:\/\/fuziontoner.com\/fr\/wp-content\/uploads\/sites\/2\/2016\/06\/Assets_Resources_Installation.png","datePublished":"2016-06-09T21:10:28+00:00","dateModified":"2025-10-03T14:27:52+00:00","breadcrumb":{"@id":"https:\/\/fuziontoner.com\/fr\/resources\/installation\/#breadcrumb"},"inLanguage":"fr-CA","potentialAction":[{"@type":"ReadAction","target":["https:\/\/fuziontoner.com\/fr\/resources\/installation\/"]}]},{"@type":"ImageObject","inLanguage":"fr-CA","@id":"https:\/\/fuziontoner.com\/fr\/resources\/installation\/#primaryimage","url":"https:\/\/fuziontoner.com\/fr\/wp-content\/uploads\/sites\/2\/2016\/06\/Assets_Resources_Installation.png","contentUrl":"https:\/\/fuziontoner.com\/fr\/wp-content\/uploads\/sites\/2\/2016\/06\/Assets_Resources_Installation.png","width":269,"height":251},{"@type":"BreadcrumbList","@id":"https:\/\/fuziontoner.com\/fr\/resources\/installation\/#breadcrumb","itemListElement":[{"@type":"ListItem","position":1,"name":"Accueil","item":"https:\/\/fuziontoner.com\/fr\/"},{"@type":"ListItem","position":2,"name":"Ressources","item":"https:\/\/fuziontoner.com\/fr\/resources\/"},{"@type":"ListItem","position":3,"name":"Installation"}]},{"@type":"WebSite","@id":"https:\/\/fuziontoner.com\/fr\/#website","url":"https:\/\/fuziontoner.com\/fr\/","name":"Fuzion French","description":"cr\u00e9er une impressio de fra\u00eeche!","potentialAction":[{"@type":"SearchAction","target":{"@type":"EntryPoint","urlTemplate":"https:\/\/fuziontoner.com\/fr\/?s={search_term_string}"},"query-input":{"@type":"PropertyValueSpecification","valueRequired":true,"valueName":"search_term_string"}}],"inLanguage":"fr-CA"}]}},"_links":{"self":[{"href":"https:\/\/fuziontoner.com\/fr\/wp-json\/wp\/v2\/pages\/166","targetHints":{"allow":["GET"]}}],"collection":[{"href":"https:\/\/fuziontoner.com\/fr\/wp-json\/wp\/v2\/pages"}],"about":[{"href":"https:\/\/fuziontoner.com\/fr\/wp-json\/wp\/v2\/types\/page"}],"author":[{"embeddable":true,"href":"https:\/\/fuziontoner.com\/fr\/wp-json\/wp\/v2\/users\/1"}],"replies":[{"embeddable":true,"href":"https:\/\/fuziontoner.com\/fr\/wp-json\/wp\/v2\/comments?post=166"}],"version-history":[{"count":0,"href":"https:\/\/fuziontoner.com\/fr\/wp-json\/wp\/v2\/pages\/166\/revisions"}],"up":[{"embeddable":true,"href":"https:\/\/fuziontoner.com\/fr\/wp-json\/wp\/v2\/pages\/157"}],"wp:featuredmedia":[{"embeddable":true,"href":"https:\/\/fuziontoner.com\/fr\/wp-json\/wp\/v2\/media\/171"}],"wp:attachment":[{"href":"https:\/\/fuziontoner.com\/fr\/wp-json\/wp\/v2\/media?parent=166"}],"curies":[{"name":"wp","href":"https:\/\/api.w.org\/{rel}","templated":true}]}}